{"id":201,"date":"2024-12-30T13:23:20","date_gmt":"2024-12-30T12:23:20","guid":{"rendered":"http:\/\/192.168.0.114\/?page_id=201"},"modified":"2025-03-05T13:30:49","modified_gmt":"2025-03-05T12:30:49","slug":"cursos-online","status":"publish","type":"page","link":"https:\/\/www.terapiabioenergetica.com.ar\/index.php\/cursos-online\/","title":{"rendered":"OnLine Asincr\u00f3nicos"},"content":{"rendered":"\t\t<div data-elementor-type=\"wp-page\" data-elementor-id=\"201\" class=\"elementor elementor-201\">\n\t\t\t\t<div class=\"elementor-element elementor-element-5d5c9773 e-con-full e-flex e-con e-parent\" data-id=\"5d5c9773\" data-element_type=\"container\" data-settings=\"{&quot;background_background&quot;:&quot;classic&quot;,&quot;shape_divider_bottom&quot;:&quot;mountains&quot;}\">\n\t\t\t\t<div class=\"elementor-shape elementor-shape-bottom\" aria-hidden=\"true\" data-negative=\"false\">\n\t\t\t<svg xmlns=\"http:\/\/www.w3.org\/2000\/svg\" viewBox=\"0 0 1000 100\" preserveAspectRatio=\"none\">\n\t<path class=\"elementor-shape-fill\" opacity=\"0.33\" d=\"M473,67.3c-203.9,88.3-263.1-34-320.3,0C66,119.1,0,59.7,0,59.7V0h1000v59.7 c0,0-62.1,26.1-94.9,29.3c-32.8,3.3-62.8-12.3-75.8-22.1C806,49.6,745.3,8.7,694.9,4.7S492.4,59,473,67.3z\"\/>\n\t<path class=\"elementor-shape-fill\" opacity=\"0.66\" d=\"M734,67.3c-45.5,0-77.2-23.2-129.1-39.1c-28.6-8.7-150.3-10.1-254,39.1 s-91.7-34.4-149.2,0C115.7,118.3,0,39.8,0,39.8V0h1000v36.5c0,0-28.2-18.5-92.1-18.5C810.2,18.1,775.7,67.3,734,67.3z\"\/>\n\t<path class=\"elementor-shape-fill\" d=\"M766.1,28.9c-200-57.5-266,65.5-395.1,19.5C242,1.8,242,5.4,184.8,20.6C128,35.8,132.3,44.9,89.9,52.5C28.6,63.7,0,0,0,0 h1000c0,0-9.9,40.9-83.6,48.1S829.6,47,766.1,28.9z\"\/>\n<\/svg>\t\t<\/div>\n\t\t<div class=\"elementor-element elementor-element-9dcd564 e-con-full e-flex e-con e-child\" data-id=\"9dcd564\" data-element_type=\"container\">\n\t\t\t\t<div class=\"elementor-element elementor-element-5a35f1cb elementor-widget__width-initial elementor-widget elementor-widget-image\" data-id=\"5a35f1cb\" data-element_type=\"widget\" data-widget_type=\"image.default\">\n\t\t\t\t<div class=\"elementor-widget-container\">\n\t\t\t\t\t\t\t\t\t\t\t\t\t\t\t<img fetchpriority=\"high\" decoding=\"async\" width=\"300\" height=\"300\" src=\"https:\/\/www.terapiabioenergetica.com.ar\/wp-content\/uploads\/2024\/12\/cropped-cropped-LogoTerapiaBiofinal-55x55.png\" class=\"attachment-medium size-medium wp-image-38\" alt=\"\" srcset=\"https:\/\/www.terapiabioenergetica.com.ar\/wp-content\/uploads\/2024\/12\/cropped-cropped-LogoTerapiaBiofinal-300x300.png 300w, https:\/\/www.terapiabioenergetica.com.ar\/wp-content\/uploads\/2024\/12\/cropped-cropped-LogoTerapiaBiofinal-150x150.png 150w, https:\/\/www.terapiabioenergetica.com.ar\/wp-content\/uploads\/2024\/12\/cropped-cropped-LogoTerapiaBiofinal-55x55.png 55w, https:\/\/www.terapiabioenergetica.com.ar\/wp-content\/uploads\/2024\/12\/cropped-cropped-LogoTerapiaBiofinal.png 512w\" sizes=\"(max-width: 300px) 100vw, 300px\" \/>\t\t\t\t\t\t\t\t\t\t\t\t\t\t\t<\/div>\n\t\t\t\t<\/div>\n\t\t\t\t<\/div>\n\t\t<div class=\"elementor-element elementor-element-5b9ecf7f e-con-full e-flex e-con e-child\" data-id=\"5b9ecf7f\" data-element_type=\"container\">\n\t\t\t\t<div class=\"elementor-element elementor-element-320ce1a4 elementor-widget elementor-widget-spacer\" data-id=\"320ce1a4\" data-element_type=\"widget\" data-widget_type=\"spacer.default\">\n\t\t\t\t<div class=\"elementor-widget-container\">\n\t\t\t\t\t\t\t<div class=\"elementor-spacer\">\n\t\t\t<div class=\"elementor-spacer-inner\"><\/div>\n\t\t<\/div>\n\t\t\t\t\t\t<\/div>\n\t\t\t\t<\/div>\n\t\t\t\t<div class=\"elementor-element elementor-element-a033ae9 elementor-widget elementor-widget-heading\" data-id=\"a033ae9\" data-element_type=\"widget\" data-widget_type=\"heading.default\">\n\t\t\t\t<div class=\"elementor-widget-container\">\n\t\t\t\t\t<h1 class=\"elementor-heading-title elementor-size-default\">Terapia Bioen\u00e9rgetica - Portal Hol\u00edstico.<\/h1>\t\t\t\t<\/div>\n\t\t\t\t<\/div>\n\t\t\t\t<div class=\"elementor-element elementor-element-616710cc elementor-widget elementor-widget-spacer\" data-id=\"616710cc\" data-element_type=\"widget\" data-widget_type=\"spacer.default\">\n\t\t\t\t<div class=\"elementor-widget-container\">\n\t\t\t\t\t\t\t<div class=\"elementor-spacer\">\n\t\t\t<div class=\"elementor-spacer-inner\"><\/div>\n\t\t<\/div>\n\t\t\t\t\t\t<\/div>\n\t\t\t\t<\/div>\n\t\t\t\t<div class=\"elementor-element elementor-element-2ff3a8aa elementor-shape-circle elementor-grid-0 elementor-widget elementor-widget-social-icons\" data-id=\"2ff3a8aa\" data-element_type=\"widget\" data-widget_type=\"social-icons.default\">\n\t\t\t\t<div class=\"elementor-widget-container\">\n\t\t\t\t\t\t\t<div class=\"elementor-social-icons-wrapper elementor-grid\" role=\"list\">\n\t\t\t\t\t\t\t<span class=\"elementor-grid-item\" role=\"listitem\">\n\t\t\t\t\t<a class=\"elementor-icon elementor-social-icon elementor-social-icon-instagram elementor-repeater-item-626b56a\" href=\"https:\/\/www.instagram.com\/terapiabioenergeticaarg\/\" target=\"_blank\">\n\t\t\t\t\t\t<span class=\"elementor-screen-only\">Instagram<\/span>\n\t\t\t\t\t\t<svg aria-hidden=\"true\" class=\"e-font-icon-svg e-fab-instagram\" viewBox=\"0 0 448 512\" xmlns=\"http:\/\/www.w3.org\/2000\/svg\"><path d=\"M224.1 141c-63.6 0-114.9 51.3-114.9 114.9s51.3 114.9 114.9 114.9S339 319.5 339 255.9 287.7 141 224.1 141zm0 189.6c-41.1 0-74.7-33.5-74.7-74.7s33.5-74.7 74.7-74.7 74.7 33.5 74.7 74.7-33.6 74.7-74.7 74.7zm146.4-194.3c0 14.9-12 26.8-26.8 26.8-14.9 0-26.8-12-26.8-26.8s12-26.8 26.8-26.8 26.8 12 26.8 26.8zm76.1 27.2c-1.7-35.9-9.9-67.7-36.2-93.9-26.2-26.2-58-34.4-93.9-36.2-37-2.1-147.9-2.1-184.9 0-35.8 1.7-67.6 9.9-93.9 36.1s-34.4 58-36.2 93.9c-2.1 37-2.1 147.9 0 184.9 1.7 35.9 9.9 67.7 36.2 93.9s58 34.4 93.9 36.2c37 2.1 147.9 2.1 184.9 0 35.9-1.7 67.7-9.9 93.9-36.2 26.2-26.2 34.4-58 36.2-93.9 2.1-37 2.1-147.8 0-184.8zM398.8 388c-7.8 19.6-22.9 34.7-42.6 42.6-29.5 11.7-99.5 9-132.1 9s-102.7 2.6-132.1-9c-19.6-7.8-34.7-22.9-42.6-42.6-11.7-29.5-9-99.5-9-132.1s-2.6-102.7 9-132.1c7.8-19.6 22.9-34.7 42.6-42.6 29.5-11.7 99.5-9 132.1-9s102.7-2.6 132.1 9c19.6 7.8 34.7 22.9 42.6 42.6 11.7 29.5 9 99.5 9 132.1s2.7 102.7-9 132.1z\"><\/path><\/svg>\t\t\t\t\t<\/a>\n\t\t\t\t<\/span>\n\t\t\t\t\t\t\t<span class=\"elementor-grid-item\" role=\"listitem\">\n\t\t\t\t\t<a class=\"elementor-icon elementor-social-icon elementor-social-icon-facebook elementor-repeater-item-005c727\" href=\"https:\/\/www.facebook.com\/profile.php?id=100066665861720\" target=\"_blank\">\n\t\t\t\t\t\t<span class=\"elementor-screen-only\">Facebook<\/span>\n\t\t\t\t\t\t<svg aria-hidden=\"true\" class=\"e-font-icon-svg e-fab-facebook\" viewBox=\"0 0 512 512\" xmlns=\"http:\/\/www.w3.org\/2000\/svg\"><path d=\"M504 256C504 119 393 8 256 8S8 119 8 256c0 123.78 90.69 226.38 209.25 245V327.69h-63V256h63v-54.64c0-62.15 37-96.48 93.67-96.48 27.14 0 55.52 4.84 55.52 4.84v61h-31.28c-30.8 0-40.41 19.12-40.41 38.73V256h68.78l-11 71.69h-57.78V501C413.31 482.38 504 379.78 504 256z\"><\/path><\/svg>\t\t\t\t\t<\/a>\n\t\t\t\t<\/span>\n\t\t\t\t\t\t\t<span class=\"elementor-grid-item\" role=\"listitem\">\n\t\t\t\t\t<a class=\"elementor-icon elementor-social-icon elementor-social-icon-youtube elementor-repeater-item-396e51e\" href=\"https:\/\/www.youtube.com\/@TerapiaBieon%C3%A9rgeticaArgentina\" target=\"_blank\">\n\t\t\t\t\t\t<span class=\"elementor-screen-only\">Youtube<\/span>\n\t\t\t\t\t\t<svg aria-hidden=\"true\" class=\"e-font-icon-svg e-fab-youtube\" viewBox=\"0 0 576 512\" xmlns=\"http:\/\/www.w3.org\/2000\/svg\"><path d=\"M549.655 124.083c-6.281-23.65-24.787-42.276-48.284-48.597C458.781 64 288 64 288 64S117.22 64 74.629 75.486c-23.497 6.322-42.003 24.947-48.284 48.597-11.412 42.867-11.412 132.305-11.412 132.305s0 89.438 11.412 132.305c6.281 23.65 24.787 41.5 48.284 47.821C117.22 448 288 448 288 448s170.78 0 213.371-11.486c23.497-6.321 42.003-24.171 48.284-47.821 11.412-42.867 11.412-132.305 11.412-132.305s0-89.438-11.412-132.305zm-317.51 213.508V175.185l142.739 81.205-142.739 81.201z\"><\/path><\/svg>\t\t\t\t\t<\/a>\n\t\t\t\t<\/span>\n\t\t\t\t\t\t\t<span class=\"elementor-grid-item\" role=\"listitem\">\n\t\t\t\t\t<a class=\"elementor-icon elementor-social-icon elementor-social-icon-tiktok elementor-repeater-item-8ea3d5f\" href=\"http:\/\/www.tiktok.com\/@terapia.bienergetica\u200b\" target=\"_blank\">\n\t\t\t\t\t\t<span class=\"elementor-screen-only\">Tiktok<\/span>\n\t\t\t\t\t\t<svg aria-hidden=\"true\" class=\"e-font-icon-svg e-fab-tiktok\" viewBox=\"0 0 448 512\" xmlns=\"http:\/\/www.w3.org\/2000\/svg\"><path d=\"M448,209.91a210.06,210.06,0,0,1-122.77-39.25V349.38A162.55,162.55,0,1,1,185,188.31V278.2a74.62,74.62,0,1,0,52.23,71.18V0l88,0a121.18,121.18,0,0,0,1.86,22.17h0A122.18,122.18,0,0,0,381,102.39a121.43,121.43,0,0,0,67,20.14Z\"><\/path><\/svg>\t\t\t\t\t<\/a>\n\t\t\t\t<\/span>\n\t\t\t\t\t<\/div>\n\t\t\t\t\t\t<\/div>\n\t\t\t\t<\/div>\n\t\t\t\t<\/div>\n\t\t\t\t<\/div>\n\t\t<div class=\"elementor-element elementor-element-6554496 e-flex e-con-boxed e-con e-parent\" data-id=\"6554496\" data-element_type=\"container\">\n\t\t\t\t\t<div class=\"e-con-inner\">\n\t\t\t\t<div class=\"elementor-element elementor-element-5a390d4 elementor-widget elementor-widget-heading\" data-id=\"5a390d4\" data-element_type=\"widget\" data-widget_type=\"heading.default\">\n\t\t\t\t<div class=\"elementor-widget-container\">\n\t\t\t\t\t<h1 class=\"elementor-heading-title elementor-size-default\">Diplomados y Cursos OnLine Asincr\u00f3nicos.<\/h1>\t\t\t\t<\/div>\n\t\t\t\t<\/div>\n\t\t\t\t\t<\/div>\n\t\t\t\t<\/div>\n\t\t<div class=\"elementor-element elementor-element-8109e1a e-flex e-con-boxed e-con e-parent\" data-id=\"8109e1a\" data-element_type=\"container\">\n\t\t\t\t\t<div class=\"e-con-inner\">\n\t\t\t\t<div class=\"elementor-element elementor-element-a5b49a3 elementor-widget elementor-widget-text-editor\" data-id=\"a5b49a3\" data-element_type=\"widget\" data-widget_type=\"text-editor.default\">\n\t\t\t\t<div class=\"elementor-widget-container\">\n\t\t\t\t\t\t\t\t\t<p>Los diplomados y Cursos OnLine asincr\u00f3nicos <strong>est\u00e1n dise\u00f1ados y estructurados<\/strong> <strong>para que puedas aprender a tu propio ritmo<\/strong>, vas a poder acceder a los materiales y realizar las actividades de aprendizaje <strong>en cualquier momentos, sin necesidad de estar presente en un horario especifico.<\/strong><\/p><p>En esta modalidad, los Docentes preparan los cursos y materiales educativos que los estudiantes <strong>pueden consultar en cualquier momento y lugar, lo que les permite aprender a su propio ritmo.<\/strong><\/p><p>Normalmente los materiales son archivos de lectura pdf, video clases que vas a poder ver la cantidad de veces que necesites, foros de consulta con el docente donde vas a poder realizar las consultas que necesites.<\/p><p>Este tipo de cursos <strong>NO<\/strong> tiene fecha de inicio y fin. Esta dise\u00f1ados para que accedas a ellos cuando puedas y seg\u00fan tu tiempo de disponibilidad.<\/p>\t\t\t\t\t\t\t\t<\/div>\n\t\t\t\t<\/div>\n\t\t\t\t\t<\/div>\n\t\t\t\t<\/div>\n\t\t<div class=\"elementor-element elementor-element-cfe23ff e-flex e-con-boxed e-con e-parent\" data-id=\"cfe23ff\" data-element_type=\"container\">\n\t\t\t\t\t<div class=\"e-con-inner\">\n\t\t\t\t<div class=\"elementor-element elementor-element-63cf5e3 elementor-widget-divider--view-line elementor-widget elementor-widget-divider\" data-id=\"63cf5e3\" data-element_type=\"widget\" data-widget_type=\"divider.default\">\n\t\t\t\t<div class=\"elementor-widget-container\">\n\t\t\t\t\t\t\t<div class=\"elementor-divider\">\n\t\t\t<span class=\"elementor-divider-separator\">\n\t\t\t\t\t\t<\/span>\n\t\t<\/div>\n\t\t\t\t\t\t<\/div>\n\t\t\t\t<\/div>\n\t\t\t\t\t<\/div>\n\t\t\t\t<\/div>\n\t\t<div class=\"elementor-element elementor-element-6a303b3 e-flex e-con-boxed e-con e-parent\" data-id=\"6a303b3\" data-element_type=\"container\">\n\t\t\t\t\t<div class=\"e-con-inner\">\n\t\t\t\t<div class=\"elementor-element elementor-element-7bf860d elementor-widget elementor-widget-contentviews_widget_overlay1\" data-id=\"7bf860d\" data-element_type=\"widget\" data-widget_type=\"contentviews_widget_overlay1.default\">\n\t\t\t\t<div class=\"elementor-widget-container\">\n\t\t\t\t\t<div class='pt-cv-wrapper'> <h3 class='pt-cv-heading-container heading1' data-blockid='7bf860d'><span class='pt-cv-heading'> Diplomados y Cursos OnLine Asincr\u00f3nicos. <\/span><\/h3><div class=\"pt-cv-view pt-cv-overlaygrid iscvblock iscvelementor overlay1 layout1\" id=\"pt-cv-view-7bf860d\"><div data-id=\"pt-cv-page-1\" class=\"pt-cv-page\" data-cvc=\"1\"><div class=\" pt-cv-content-item pt-cv-1-col\" ><div class=\"pt-cv-thumb-wrapper  \"><a href=\"https:\/\/www.terapiabioenergetica.com.ar\/index.php\/2024\/12\/30\/diplomado-online-de-acupuntura-ryodoraku-asincronico\/\" class=\"_self pt-cv-href-thumbnail pt-cv-thumb-default\" target=\"_self\" ><img decoding=\"async\" width=\"727\" height=\"728\" src=\"https:\/\/www.terapiabioenergetica.com.ar\/wp-content\/uploads\/2024\/12\/electroestimulador-para-acupuntura-ryodoraku-es160-con-6-canales-de-salida-1657186596.jpg\" class=\"pt-cv-thumbnail\" alt=\"\" \/><\/a><\/div>\n<div class=\"pt-cv-overlay-wrapper\"><div class=\"pt-cv-taxoterm above_title\"><a href='https:\/\/www.terapiabioenergetica.com.ar\/index.php\/category\/diplomados-y-cursos-online-asincronicos\/' title='Diplomados y Cursos OnLine Asincr\u00f3nicos.' class='pt-cv-tax-diplomados-y-cursos-online-asincronicos'>Diplomados y Cursos OnLine Asincr\u00f3nicos.<\/a><\/div><h4 class=\"pt-cv-title\"><a href=\"https:\/\/www.terapiabioenergetica.com.ar\/index.php\/2024\/12\/30\/diplomado-online-de-acupuntura-ryodoraku-asincronico\/\" class=\"_self\" target=\"_self\" >Diplomado OnLine de Acupuntura Ryodoraku Asincr\u00f3nico.<\/a><\/h4><div class=\"pt-cv-meta-fields\"><span class=\"entry-date\"> <time datetime=\"2024-12-30T20:57:50+01:00\">30 de diciembre de 2024<\/time><\/span><span> \/ <\/span><span class=\"author\"> <a href=\"https:\/\/www.terapiabioenergetica.com.ar\/index.php\/author\/pablo\/\" rel=\"author\">pablo<\/a><\/span><\/div><\/div><\/div>\n<div class=\" pt-cv-content-item pt-cv-1-col\" ><div class=\"pt-cv-thumb-wrapper  \"><a href=\"https:\/\/www.terapiabioenergetica.com.ar\/index.php\/2024\/12\/30\/diplomado-online-de-auriculoterapia-asincronico\/\" class=\"_self pt-cv-href-thumbnail pt-cv-thumb-default\" target=\"_self\" ><img decoding=\"async\" width=\"1024\" height=\"576\" src=\"https:\/\/www.terapiabioenergetica.com.ar\/wp-content\/uploads\/2024\/12\/Auriculoterapia-1024x576.jpg\" class=\"pt-cv-thumbnail\" alt=\"\" \/><\/a><\/div>\n<div class=\"pt-cv-overlay-wrapper\"><div class=\"pt-cv-taxoterm above_title\"><a href='https:\/\/www.terapiabioenergetica.com.ar\/index.php\/category\/diplomados-y-cursos-online-asincronicos\/' title='Diplomados y Cursos OnLine Asincr\u00f3nicos.' class='pt-cv-tax-diplomados-y-cursos-online-asincronicos'>Diplomados y Cursos OnLine Asincr\u00f3nicos.<\/a><\/div><h4 class=\"pt-cv-title\"><a href=\"https:\/\/www.terapiabioenergetica.com.ar\/index.php\/2024\/12\/30\/diplomado-online-de-auriculoterapia-asincronico\/\" class=\"_self\" target=\"_self\" >Diplomado OnLine de Auriculoterapia Asincr\u00f3nico.<\/a><\/h4><div class=\"pt-cv-meta-fields\"><span class=\"entry-date\"> <time datetime=\"2024-12-30T20:53:23+01:00\">30 de diciembre de 2024<\/time><\/span><span> \/ <\/span><span class=\"author\"> <a href=\"https:\/\/www.terapiabioenergetica.com.ar\/index.php\/author\/pablo\/\" rel=\"author\">pablo<\/a><\/span><\/div><\/div><\/div>\n<div class=\" pt-cv-content-item pt-cv-1-col\" ><div class=\"pt-cv-thumb-wrapper  \"><a href=\"https:\/\/www.terapiabioenergetica.com.ar\/index.php\/2024\/12\/30\/curso-online-de-tinturas-madres-y-plantas-medicinales-asincronico\/\" class=\"_self pt-cv-href-thumbnail pt-cv-thumb-default\" target=\"_self\" ><img loading=\"lazy\" decoding=\"async\" width=\"1024\" height=\"706\" src=\"https:\/\/www.terapiabioenergetica.com.ar\/wp-content\/uploads\/2024\/12\/Tinturas-1024x706.png\" class=\"pt-cv-thumbnail\" alt=\"\" \/><\/a><\/div>\n<div class=\"pt-cv-overlay-wrapper\"><div class=\"pt-cv-taxoterm above_title\"><a href='https:\/\/www.terapiabioenergetica.com.ar\/index.php\/category\/diplomados-y-cursos-online-asincronicos\/' title='Diplomados y Cursos OnLine Asincr\u00f3nicos.' class='pt-cv-tax-diplomados-y-cursos-online-asincronicos'>Diplomados y Cursos OnLine Asincr\u00f3nicos.<\/a><\/div><h4 class=\"pt-cv-title\"><a href=\"https:\/\/www.terapiabioenergetica.com.ar\/index.php\/2024\/12\/30\/curso-online-de-tinturas-madres-y-plantas-medicinales-asincronico\/\" class=\"_self\" target=\"_self\" >Curso OnLine de Tinturas Madres y Plantas Medicinales Asincr\u00f3nico.<\/a><\/h4><div class=\"pt-cv-meta-fields\"><span class=\"entry-date\"> <time datetime=\"2024-12-30T18:42:25+01:00\">30 de diciembre de 2024<\/time><\/span><span> \/ <\/span><span class=\"author\"> <a href=\"https:\/\/www.terapiabioenergetica.com.ar\/index.php\/author\/pablo\/\" rel=\"author\">pablo<\/a><\/span><\/div><\/div><\/div><\/div><\/div> <\/div> \t\t\t\t<\/div>\n\t\t\t\t<\/div>\n\t\t\t\t\t<\/div>\n\t\t\t\t<\/div>\n\t\t<div class=\"elementor-element elementor-element-b72ea24 e-flex e-con-boxed e-con e-parent\" data-id=\"b72ea24\" data-element_type=\"container\">\n\t\t\t\t\t<div class=\"e-con-inner\">\n\t\t\t\t<div class=\"elementor-element elementor-element-e4c654b elementor-widget-divider--view-line elementor-widget elementor-widget-divider\" data-id=\"e4c654b\" data-element_type=\"widget\" data-widget_type=\"divider.default\">\n\t\t\t\t<div class=\"elementor-widget-container\">\n\t\t\t\t\t\t\t<div class=\"elementor-divider\">\n\t\t\t<span class=\"elementor-divider-separator\">\n\t\t\t\t\t\t<\/span>\n\t\t<\/div>\n\t\t\t\t\t\t<\/div>\n\t\t\t\t<\/div>\n\t\t\t\t\t<\/div>\n\t\t\t\t<\/div>\n\t\t<div class=\"elementor-element elementor-element-7016e16 e-flex e-con-boxed e-con e-parent\" data-id=\"7016e16\" data-element_type=\"container\">\n\t\t\t\t\t<div class=\"e-con-inner\">\n\t\t\t\t<div class=\"elementor-element elementor-element-59787f5 elementor-widget elementor-widget-spacer\" data-id=\"59787f5\" data-element_type=\"widget\" data-widget_type=\"spacer.default\">\n\t\t\t\t<div class=\"elementor-widget-container\">\n\t\t\t\t\t\t\t<div class=\"elementor-spacer\">\n\t\t\t<div class=\"elementor-spacer-inner\"><\/div>\n\t\t<\/div>\n\t\t\t\t\t\t<\/div>\n\t\t\t\t<\/div>\n\t\t\t\t\t<\/div>\n\t\t\t\t<\/div>\n\t\t<div class=\"elementor-element elementor-element-36509ea e-con-full e-flex e-con e-parent\" data-id=\"36509ea\" data-element_type=\"container\" data-settings=\"{&quot;shape_divider_top&quot;:&quot;mountains&quot;}\">\n\t\t\t\t<div class=\"elementor-shape elementor-shape-top\" aria-hidden=\"true\" data-negative=\"false\">\n\t\t\t<svg xmlns=\"http:\/\/www.w3.org\/2000\/svg\" viewBox=\"0 0 1000 100\" preserveAspectRatio=\"none\">\n\t<path class=\"elementor-shape-fill\" opacity=\"0.33\" d=\"M473,67.3c-203.9,88.3-263.1-34-320.3,0C66,119.1,0,59.7,0,59.7V0h1000v59.7 c0,0-62.1,26.1-94.9,29.3c-32.8,3.3-62.8-12.3-75.8-22.1C806,49.6,745.3,8.7,694.9,4.7S492.4,59,473,67.3z\"\/>\n\t<path class=\"elementor-shape-fill\" opacity=\"0.66\" d=\"M734,67.3c-45.5,0-77.2-23.2-129.1-39.1c-28.6-8.7-150.3-10.1-254,39.1 s-91.7-34.4-149.2,0C115.7,118.3,0,39.8,0,39.8V0h1000v36.5c0,0-28.2-18.5-92.1-18.5C810.2,18.1,775.7,67.3,734,67.3z\"\/>\n\t<path class=\"elementor-shape-fill\" d=\"M766.1,28.9c-200-57.5-266,65.5-395.1,19.5C242,1.8,242,5.4,184.8,20.6C128,35.8,132.3,44.9,89.9,52.5C28.6,63.7,0,0,0,0 h1000c0,0-9.9,40.9-83.6,48.1S829.6,47,766.1,28.9z\"\/>\n<\/svg>\t\t<\/div>\n\t\t\t\t<\/div>\n\t\t\t\t<\/div>\n\t\t","protected":false},"excerpt":{"rendered":"<p>Terapia Bioen\u00e9rgetica &#8211; Portal Hol\u00edstico. Instagram Facebook Youtube Tiktok Diplomados y Cursos OnLine Asincr\u00f3nicos. Los diplomados y Cursos OnLine asincr\u00f3nicos [&hellip;]<\/p>\n","protected":false},"author":1,"featured_media":0,"parent":0,"menu_order":0,"comment_status":"closed","ping_status":"closed","template":"","meta":{"site-sidebar-layout":"no-sidebar","site-content-layout":"","ast-site-content-layout":"full-width-container","site-content-style":"default","site-sidebar-style":"default","ast-global-header-display":"","ast-banner-title-visibility":"","ast-main-header-display":"","ast-hfb-above-header-display":"","ast-hfb-below-header-display":"","ast-hfb-mobile-header-display":"","site-post-title":"disabled","ast-breadcrumbs-content":"","ast-featured-img":"disabled","footer-sml-layout":"","theme-transparent-header-meta":"","adv-header-id-meta":"","stick-header-meta":"","header-above-stick-meta":"","header-main-stick-meta":"","header-below-stick-meta":"","astra-migrate-meta-layouts":"default","ast-page-background-enabled":"default","ast-page-background-meta":{"desktop":{"background-color":"var(--ast-global-color-4)","background-image":"","background-repeat":"repeat","background-position":"center center","background-size":"auto","background-attachment":"scroll","background-type":"","background-media":"","overlay-type":"","overlay-color":"","overlay-opacity":"","overlay-gradient":""},"tablet":{"background-color":"","background-image":"","background-repeat":"repeat","background-position":"center center","background-size":"auto","background-attachment":"scroll","background-type":"","background-media":"","overlay-type":"","overlay-color":"","overlay-opacity":"","overlay-gradient":""},"mobile":{"background-color":"","background-image":"","background-repeat":"repeat","background-position":"center center","background-size":"auto","background-attachment":"scroll","background-type":"","background-media":"","overlay-type":"","overlay-color":"","overlay-opacity":"","overlay-gradient":""}},"ast-content-background-meta":{"desktop":{"background-color":"var(--ast-global-color-5)","background-image":"","background-repeat":"repeat","background-position":"center center","background-size":"auto","background-attachment":"scroll","background-type":"","background-media":"","overlay-type":"","overlay-color":"","overlay-opacity":"","overlay-gradient":""},"tablet":{"background-color":"var(--ast-global-color-5)","background-image":"","background-repeat":"repeat","background-position":"center center","background-size":"auto","background-attachment":"scroll","background-type":"","background-media":"","overlay-type":"","overlay-color":"","overlay-opacity":"","overlay-gradient":""},"mobile":{"background-color":"var(--ast-global-color-5)","background-image":"","background-repeat":"repeat","background-position":"center center","background-size":"auto","background-attachment":"scroll","background-type":"","background-media":"","overlay-type":"","overlay-color":"","overlay-opacity":"","overlay-gradient":""}},"footnotes":""},"class_list":["post-201","page","type-page","status-publish","hentry"],"_links":{"self":[{"href":"https:\/\/www.terapiabioenergetica.com.ar\/index.php\/wp-json\/wp\/v2\/pages\/201","targetHints":{"allow":["GET"]}}],"collection":[{"href":"https:\/\/www.terapiabioenergetica.com.ar\/index.php\/wp-json\/wp\/v2\/pages"}],"about":[{"href":"https:\/\/www.terapiabioenergetica.com.ar\/index.php\/wp-json\/wp\/v2\/types\/page"}],"author":[{"embeddable":true,"href":"https:\/\/www.terapiabioenergetica.com.ar\/index.php\/wp-json\/wp\/v2\/users\/1"}],"replies":[{"embeddable":true,"href":"https:\/\/www.terapiabioenergetica.com.ar\/index.php\/wp-json\/wp\/v2\/comments?post=201"}],"version-history":[{"count":42,"href":"https:\/\/www.terapiabioenergetica.com.ar\/index.php\/wp-json\/wp\/v2\/pages\/201\/revisions"}],"predecessor-version":[{"id":487,"href":"https:\/\/www.terapiabioenergetica.com.ar\/index.php\/wp-json\/wp\/v2\/pages\/201\/revisions\/487"}],"wp:attachment":[{"href":"https:\/\/www.terapiabioenergetica.com.ar\/index.php\/wp-json\/wp\/v2\/media?parent=201"}],"curies":[{"name":"wp","href":"https:\/\/api.w.org\/{rel}","templated":true}]}}